{"id":8292,"date":"2023-05-16T12:41:27","date_gmt":"2023-05-16T10:41:27","guid":{"rendered":"http:\/\/www.laperle.tess5418.odns.fr\/visitar-paris\/bem-estar\/"},"modified":"2024-10-17T21:56:45","modified_gmt":"2024-10-17T19:56:45","slug":"bem-estar","status":"publish","type":"page","link":"https:\/\/www.hoteldenotredame.com\/pt-pt\/visitar-paris\/bem-estar\/","title":{"rendered":"Bem-estar"},"content":{"rendered":"\n<p class=\"has-text-align-justify\">Cuide de seu bem-estar no ambiente da Margem Esquerda. Delicie-se com spas luxuosos, est\u00fadios de ioga e centros de bem-estar que oferecem um momento de relaxamento da cidade agitada. Descubra tratamentos, massagens rejuvenescedoras e espa\u00e7os tranquilos de medita\u00e7\u00e3o, permitindo que voc\u00ea recupere o equil\u00edbrio e encontre a harmonia interior nesta cidade agitada.  <\/p>\n\n<div class=\"wp-block-query is-layout-flow wp-block-query-is-layout-flow\"><ul class=\"columns-3 wp-block-post-template is-layout-grid wp-container-core-post-template-is-layout-6d3fbd8f wp-block-post-template-is-layout-grid\"><li class=\"wp-block-post post-8397 post type-post status-publish format-standard has-post-thumbnail hentry category-bem-estar-pt-pt\">\n<figure class=\"bordure-doree image-zoom wp-block-post-featured-image\"><a href=\"https:\/\/www.hoteldenotredame.com\/pt-pt\/bem-estar-pt-pt\/spa-bel-ami\/\" target=\"_self\"  ><img decoding=\"async\" width=\"344\" height=\"173\" src=\"https:\/\/www.hoteldenotredame.com\/wp-content\/uploads\/2024\/09\/amanpur-thai-spa-petit.jpg\" class=\"attachment-post-thumbnail size-post-thumbnail wp-post-image\" alt=\"Amanpur Thai Spa\" style=\"object-fit:cover;\" srcset=\"https:\/\/www.hoteldenotredame.com\/wp-content\/uploads\/2024\/09\/amanpur-thai-spa-petit.jpg 344w, https:\/\/www.hoteldenotredame.com\/wp-content\/uploads\/2024\/09\/amanpur-thai-spa-petit-300x151.jpg 300w\" sizes=\"(max-width: 344px) 100vw, 344px\" title=\"\"><\/a><\/figure>\n\n<h2 class=\"has-text-align-center has-link-color wp-elements-ec4dad56195e23fcce3ffc0f4f79024b wp-block-post-title has-medium-font-size\"><a href=\"https:\/\/www.hoteldenotredame.com\/pt-pt\/bem-estar-pt-pt\/spa-bel-ami\/\" target=\"_self\" >Amanpur Thai Spa<\/a><\/h2>\n<\/li><li class=\"wp-block-post post-8426 post type-post status-publish format-standard has-post-thumbnail hentry category-bem-estar-pt-pt\">\n<figure class=\"bordure-doree image-zoom wp-block-post-featured-image\"><a href=\"https:\/\/www.hoteldenotredame.com\/pt-pt\/bem-estar-pt-pt\/spa-28\/\" target=\"_self\"  ><img decoding=\"async\" width=\"344\" height=\"173\" src=\"https:\/\/www.hoteldenotredame.com\/wp-content\/uploads\/2024\/09\/la-main-d-or-du-tibet-petit.jpg\" class=\"attachment-post-thumbnail size-post-thumbnail wp-post-image\" alt=\"La Main d&#8217;Or du Tibet\" style=\"object-fit:cover;\" srcset=\"https:\/\/www.hoteldenotredame.com\/wp-content\/uploads\/2024\/09\/la-main-d-or-du-tibet-petit.jpg 344w, https:\/\/www.hoteldenotredame.com\/wp-content\/uploads\/2024\/09\/la-main-d-or-du-tibet-petit-300x151.jpg 300w\" sizes=\"(max-width: 344px) 100vw, 344px\" title=\"\"><\/a><\/figure>\n\n<h2 class=\"has-text-align-center has-link-color wp-elements-ec4dad56195e23fcce3ffc0f4f79024b wp-block-post-title has-medium-font-size\"><a href=\"https:\/\/www.hoteldenotredame.com\/pt-pt\/bem-estar-pt-pt\/spa-28\/\" target=\"_self\" >La Main d&#8217;Or du Tibet<\/a><\/h2>\n<\/li><li class=\"wp-block-post post-8446 post type-post status-publish format-standard has-post-thumbnail hentry category-bem-estar-pt-pt\">\n<figure class=\"bordure-doree image-zoom wp-block-post-featured-image\"><a href=\"https:\/\/www.hoteldenotredame.com\/pt-pt\/bem-estar-pt-pt\/ban-thai-spa\/\" target=\"_self\"  ><img decoding=\"async\" width=\"344\" height=\"173\" src=\"https:\/\/www.hoteldenotredame.com\/wp-content\/uploads\/2024\/09\/keepcool-paris-5-petit.jpg\" class=\"attachment-post-thumbnail size-post-thumbnail wp-post-image\" alt=\"Keepcool Paris 5\" style=\"object-fit:cover;\" srcset=\"https:\/\/www.hoteldenotredame.com\/wp-content\/uploads\/2024\/09\/keepcool-paris-5-petit.jpg 344w, https:\/\/www.hoteldenotredame.com\/wp-content\/uploads\/2024\/09\/keepcool-paris-5-petit-300x151.jpg 300w\" sizes=\"(max-width: 344px) 100vw, 344px\" title=\"\"><\/a><\/figure>\n\n<h2 class=\"has-text-align-center has-link-color wp-elements-ec4dad56195e23fcce3ffc0f4f79024b wp-block-post-title has-medium-font-size\"><a href=\"https:\/\/www.hoteldenotredame.com\/pt-pt\/bem-estar-pt-pt\/ban-thai-spa\/\" target=\"_self\" >Keepcool Paris 5<\/a><\/h2>\n<\/li><li class=\"wp-block-post post-8470 post type-post status-publish format-standard has-post-thumbnail hentry category-bem-estar-pt-pt\">\n<figure class=\"bordure-doree image-zoom wp-block-post-featured-image\"><a href=\"https:\/\/www.hoteldenotredame.com\/pt-pt\/bem-estar-pt-pt\/piscina-saint-germain\/\" target=\"_self\"  ><img decoding=\"async\" width=\"344\" height=\"173\" src=\"https:\/\/www.hoteldenotredame.com\/wp-content\/uploads\/2024\/09\/espace-sportif-pontoise-petit.jpg\" class=\"attachment-post-thumbnail size-post-thumbnail wp-post-image\" alt=\"Espa\u00e7o esportivo Pontoise\" style=\"object-fit:cover;\" srcset=\"https:\/\/www.hoteldenotredame.com\/wp-content\/uploads\/2024\/09\/espace-sportif-pontoise-petit.jpg 344w, https:\/\/www.hoteldenotredame.com\/wp-content\/uploads\/2024\/09\/espace-sportif-pontoise-petit-300x151.jpg 300w\" sizes=\"(max-width: 344px) 100vw, 344px\" title=\"\"><\/a><\/figure>\n\n<h2 class=\"has-text-align-center has-link-color wp-elements-ec4dad56195e23fcce3ffc0f4f79024b wp-block-post-title has-medium-font-size\"><a href=\"https:\/\/www.hoteldenotredame.com\/pt-pt\/bem-estar-pt-pt\/piscina-saint-germain\/\" target=\"_self\" >Espa\u00e7o esportivo Pontoise<\/a><\/h2>\n<\/li><li class=\"wp-block-post post-8492 post type-post status-publish format-standard has-post-thumbnail hentry category-bem-estar-pt-pt\">\n<figure class=\"bordure-doree image-zoom wp-block-post-featured-image\"><a href=\"https:\/\/www.hoteldenotredame.com\/pt-pt\/bem-estar-pt-pt\/jardim-de-luxemburgo\/\" target=\"_self\"  ><img decoding=\"async\" width=\"344\" height=\"173\" src=\"https:\/\/www.hoteldenotredame.com\/wp-content\/uploads\/2024\/09\/jardin-des-plantes-petit.jpg\" class=\"attachment-post-thumbnail size-post-thumbnail wp-post-image\" alt=\"Jardim das Plantas\" style=\"object-fit:cover;\" srcset=\"https:\/\/www.hoteldenotredame.com\/wp-content\/uploads\/2024\/09\/jardin-des-plantes-petit.jpg 344w, https:\/\/www.hoteldenotredame.com\/wp-content\/uploads\/2024\/09\/jardin-des-plantes-petit-300x151.jpg 300w\" sizes=\"(max-width: 344px) 100vw, 344px\" title=\"\"><\/a><\/figure>\n\n<h2 class=\"has-text-align-center has-link-color wp-elements-ec4dad56195e23fcce3ffc0f4f79024b wp-block-post-title has-medium-font-size\"><a href=\"https:\/\/www.hoteldenotredame.com\/pt-pt\/bem-estar-pt-pt\/jardim-de-luxemburgo\/\" target=\"_self\" >Jardim das Plantas<\/a><\/h2>\n<\/li><li class=\"wp-block-post post-8506 post type-post status-publish format-standard has-post-thumbnail hentry category-bem-estar-pt-pt\">\n<figure class=\"bordure-doree image-zoom wp-block-post-featured-image\"><a href=\"https:\/\/www.hoteldenotredame.com\/pt-pt\/bem-estar-pt-pt\/sala-de-ginastica\/\" target=\"_self\"  ><img decoding=\"async\" width=\"344\" height=\"174\" src=\"https:\/\/www.hoteldenotredame.com\/wp-content\/uploads\/2024\/10\/magique-beaute-PETIT.jpg\" class=\"attachment-post-thumbnail size-post-thumbnail wp-post-image\" alt=\"Beaut\u00e9 Magique\" style=\"object-fit:cover;\" srcset=\"https:\/\/www.hoteldenotredame.com\/wp-content\/uploads\/2024\/10\/magique-beaute-PETIT.jpg 344w, https:\/\/www.hoteldenotredame.com\/wp-content\/uploads\/2024\/10\/magique-beaute-PETIT-300x152.jpg 300w\" sizes=\"(max-width: 344px) 100vw, 344px\" title=\"\"><\/a><\/figure>\n\n<h2 class=\"has-text-align-center has-link-color wp-elements-ec4dad56195e23fcce3ffc0f4f79024b wp-block-post-title has-medium-font-size\"><a href=\"https:\/\/www.hoteldenotredame.com\/pt-pt\/bem-estar-pt-pt\/sala-de-ginastica\/\" target=\"_self\" >Beaut\u00e9 Magique<\/a><\/h2>\n<\/li><\/ul>\n\n<\/div>\n","protected":false},"excerpt":{"rendered":"<p>Cuide de seu bem-estar no ambiente da Margem Esquerda. Delicie-se com spas luxuosos, est\u00fadios de ioga e centros de bem-estar que oferecem um momento de relaxamento da cidade agitada. Descubra tratamentos, massagens rejuvenescedoras e espa\u00e7os tranquilos de medita\u00e7\u00e3o, permitindo que voc\u00ea recupere o equil\u00edbrio e encontre a harmonia interior nesta cidade agitada.<\/p>\n","protected":false},"author":1,"featured_media":15501,"parent":8260,"menu_order":4,"comment_status":"closed","ping_status":"closed","template":"wp-custom-template-le-template-des-pages-2023","meta":{"footnotes":""},"class_list":["post-8292","page","type-page","status-publish","has-post-thumbnail","hentry"],"_links":{"self":[{"href":"https:\/\/www.hoteldenotredame.com\/pt-pt\/wp-json\/wp\/v2\/pages\/8292","targetHints":{"allow":["GET"]}}],"collection":[{"href":"https:\/\/www.hoteldenotredame.com\/pt-pt\/wp-json\/wp\/v2\/pages"}],"about":[{"href":"https:\/\/www.hoteldenotredame.com\/pt-pt\/wp-json\/wp\/v2\/types\/page"}],"author":[{"embeddable":true,"href":"https:\/\/www.hoteldenotredame.com\/pt-pt\/wp-json\/wp\/v2\/users\/1"}],"replies":[{"embeddable":true,"href":"https:\/\/www.hoteldenotredame.com\/pt-pt\/wp-json\/wp\/v2\/comments?post=8292"}],"version-history":[{"count":2,"href":"https:\/\/www.hoteldenotredame.com\/pt-pt\/wp-json\/wp\/v2\/pages\/8292\/revisions"}],"predecessor-version":[{"id":20899,"href":"https:\/\/www.hoteldenotredame.com\/pt-pt\/wp-json\/wp\/v2\/pages\/8292\/revisions\/20899"}],"up":[{"embeddable":true,"href":"https:\/\/www.hoteldenotredame.com\/pt-pt\/wp-json\/wp\/v2\/pages\/8260"}],"wp:featuredmedia":[{"embeddable":true,"href":"https:\/\/www.hoteldenotredame.com\/pt-pt\/wp-json\/wp\/v2\/media\/15501"}],"wp:attachment":[{"href":"https:\/\/www.hoteldenotredame.com\/pt-pt\/wp-json\/wp\/v2\/media?parent=8292"}],"curies":[{"name":"wp","href":"https:\/\/api.w.org\/{rel}","templated":true}]}}