{"id":6630,"date":"2023-05-16T12:41:27","date_gmt":"2023-05-16T10:41:27","guid":{"rendered":"http:\/\/www.laperle.tess5418.odns.fr\/bienestar\/"},"modified":"2024-10-17T21:56:58","modified_gmt":"2024-10-17T19:56:58","slug":"bienestar","status":"publish","type":"page","link":"https:\/\/www.hoteldenotredame.com\/es\/visite-paris\/bienestar\/","title":{"rendered":"Bienestar"},"content":{"rendered":"\n<p class=\"has-text-align-justify\">Cuide su bienestar en el ambiente de la Margen Izquierda. Del\u00e9itese en lujosos spas, estudios de yoga y centros de bienestar que le ofrecen un momento de relax lejos del bullicio de la ciudad. Descubra tratamientos, masajes rejuvenecedores y tranquilos espacios de meditaci\u00f3n que le permitir\u00e1n recuperar el equilibrio y encontrar la armon\u00eda interior en esta animada ciudad.  <\/p>\n\n<div class=\"wp-block-query is-layout-flow wp-block-query-is-layout-flow\"><ul class=\"columns-3 wp-block-post-template is-layout-grid wp-container-core-post-template-is-layout-6d3fbd8f wp-block-post-template-is-layout-grid\"><li class=\"wp-block-post post-8389 post type-post status-publish format-standard has-post-thumbnail hentry category-bienestar-es\">\n<figure class=\"bordure-doree image-zoom wp-block-post-featured-image\"><a href=\"https:\/\/www.hoteldenotredame.com\/es\/bienestar-es\/spa-bel-ami\/\" target=\"_self\"  ><img decoding=\"async\" width=\"344\" height=\"173\" src=\"https:\/\/www.hoteldenotredame.com\/wp-content\/uploads\/2024\/09\/amanpur-thai-spa-petit.jpg\" class=\"attachment-post-thumbnail size-post-thumbnail wp-post-image\" alt=\"Amanpur Thai Spa\" style=\"object-fit:cover;\" srcset=\"https:\/\/www.hoteldenotredame.com\/wp-content\/uploads\/2024\/09\/amanpur-thai-spa-petit.jpg 344w, https:\/\/www.hoteldenotredame.com\/wp-content\/uploads\/2024\/09\/amanpur-thai-spa-petit-300x151.jpg 300w\" sizes=\"(max-width: 344px) 100vw, 344px\" title=\"\"><\/a><\/figure>\n\n<h2 class=\"has-text-align-center has-link-color wp-elements-ec4dad56195e23fcce3ffc0f4f79024b wp-block-post-title has-medium-font-size\"><a href=\"https:\/\/www.hoteldenotredame.com\/es\/bienestar-es\/spa-bel-ami\/\" target=\"_self\" >Amanpur Thai Spa<\/a><\/h2>\n<\/li><li class=\"wp-block-post post-8428 post type-post status-publish format-standard has-post-thumbnail hentry category-bienestar-es\">\n<figure class=\"bordure-doree image-zoom wp-block-post-featured-image\"><a href=\"https:\/\/www.hoteldenotredame.com\/es\/bienestar-es\/spa-28\/\" target=\"_self\"  ><img decoding=\"async\" width=\"344\" height=\"173\" src=\"https:\/\/www.hoteldenotredame.com\/wp-content\/uploads\/2024\/09\/la-main-d-or-du-tibet-petit.jpg\" class=\"attachment-post-thumbnail size-post-thumbnail wp-post-image\" alt=\"La Main d&#8217;Or du Tibet\" style=\"object-fit:cover;\" srcset=\"https:\/\/www.hoteldenotredame.com\/wp-content\/uploads\/2024\/09\/la-main-d-or-du-tibet-petit.jpg 344w, https:\/\/www.hoteldenotredame.com\/wp-content\/uploads\/2024\/09\/la-main-d-or-du-tibet-petit-300x151.jpg 300w\" sizes=\"(max-width: 344px) 100vw, 344px\" title=\"\"><\/a><\/figure>\n\n<h2 class=\"has-text-align-center has-link-color wp-elements-ec4dad56195e23fcce3ffc0f4f79024b wp-block-post-title has-medium-font-size\"><a href=\"https:\/\/www.hoteldenotredame.com\/es\/bienestar-es\/spa-28\/\" target=\"_self\" >La Main d&#8217;Or du Tibet<\/a><\/h2>\n<\/li><li class=\"wp-block-post post-8442 post type-post status-publish format-standard has-post-thumbnail hentry category-bienestar-es\">\n<figure class=\"bordure-doree image-zoom wp-block-post-featured-image\"><a href=\"https:\/\/www.hoteldenotredame.com\/es\/bienestar-es\/ban-thai-spa\/\" target=\"_self\"  ><img decoding=\"async\" width=\"344\" height=\"173\" src=\"https:\/\/www.hoteldenotredame.com\/wp-content\/uploads\/2024\/09\/keepcool-paris-5-petit.jpg\" class=\"attachment-post-thumbnail size-post-thumbnail wp-post-image\" alt=\"Keepcool Paris 5\" style=\"object-fit:cover;\" srcset=\"https:\/\/www.hoteldenotredame.com\/wp-content\/uploads\/2024\/09\/keepcool-paris-5-petit.jpg 344w, https:\/\/www.hoteldenotredame.com\/wp-content\/uploads\/2024\/09\/keepcool-paris-5-petit-300x151.jpg 300w\" sizes=\"(max-width: 344px) 100vw, 344px\" title=\"\"><\/a><\/figure>\n\n<h2 class=\"has-text-align-center has-link-color wp-elements-ec4dad56195e23fcce3ffc0f4f79024b wp-block-post-title has-medium-font-size\"><a href=\"https:\/\/www.hoteldenotredame.com\/es\/bienestar-es\/ban-thai-spa\/\" target=\"_self\" >Keepcool Paris 5<\/a><\/h2>\n<\/li><li class=\"wp-block-post post-8464 post type-post status-publish format-standard has-post-thumbnail hentry category-bienestar-es\">\n<figure class=\"bordure-doree image-zoom wp-block-post-featured-image\"><a href=\"https:\/\/www.hoteldenotredame.com\/es\/bienestar-es\/piscina-de-saint-germain\/\" target=\"_self\"  ><img decoding=\"async\" width=\"344\" height=\"173\" src=\"https:\/\/www.hoteldenotredame.com\/wp-content\/uploads\/2024\/09\/espace-sportif-pontoise-petit.jpg\" class=\"attachment-post-thumbnail size-post-thumbnail wp-post-image\" alt=\"Espace sportif Pontoise\" style=\"object-fit:cover;\" srcset=\"https:\/\/www.hoteldenotredame.com\/wp-content\/uploads\/2024\/09\/espace-sportif-pontoise-petit.jpg 344w, https:\/\/www.hoteldenotredame.com\/wp-content\/uploads\/2024\/09\/espace-sportif-pontoise-petit-300x151.jpg 300w\" sizes=\"(max-width: 344px) 100vw, 344px\" title=\"\"><\/a><\/figure>\n\n<h2 class=\"has-text-align-center has-link-color wp-elements-ec4dad56195e23fcce3ffc0f4f79024b wp-block-post-title has-medium-font-size\"><a href=\"https:\/\/www.hoteldenotredame.com\/es\/bienestar-es\/piscina-de-saint-germain\/\" target=\"_self\" >Espace sportif Pontoise<\/a><\/h2>\n<\/li><li class=\"wp-block-post post-8488 post type-post status-publish format-standard has-post-thumbnail hentry category-bienestar-es\">\n<figure class=\"bordure-doree image-zoom wp-block-post-featured-image\"><a href=\"https:\/\/www.hoteldenotredame.com\/es\/bienestar-es\/jardin-de-luxemburgo\/\" target=\"_self\"  ><img decoding=\"async\" width=\"344\" height=\"173\" src=\"https:\/\/www.hoteldenotredame.com\/wp-content\/uploads\/2024\/09\/jardin-des-plantes-petit.jpg\" class=\"attachment-post-thumbnail size-post-thumbnail wp-post-image\" alt=\"Jard\u00edn de las Plantas\" style=\"object-fit:cover;\" srcset=\"https:\/\/www.hoteldenotredame.com\/wp-content\/uploads\/2024\/09\/jardin-des-plantes-petit.jpg 344w, https:\/\/www.hoteldenotredame.com\/wp-content\/uploads\/2024\/09\/jardin-des-plantes-petit-300x151.jpg 300w\" sizes=\"(max-width: 344px) 100vw, 344px\" title=\"\"><\/a><\/figure>\n\n<h2 class=\"has-text-align-center has-link-color wp-elements-ec4dad56195e23fcce3ffc0f4f79024b wp-block-post-title has-medium-font-size\"><a href=\"https:\/\/www.hoteldenotredame.com\/es\/bienestar-es\/jardin-de-luxemburgo\/\" target=\"_self\" >Jard\u00edn de las Plantas<\/a><\/h2>\n<\/li><li class=\"wp-block-post post-8508 post type-post status-publish format-standard has-post-thumbnail hentry category-bienestar-es\">\n<figure class=\"bordure-doree image-zoom wp-block-post-featured-image\"><a href=\"https:\/\/www.hoteldenotredame.com\/es\/bienestar-es\/sala-de-fitness\/\" target=\"_self\"  ><img decoding=\"async\" width=\"344\" height=\"174\" src=\"https:\/\/www.hoteldenotredame.com\/wp-content\/uploads\/2024\/10\/magique-beaute-PETIT.jpg\" class=\"attachment-post-thumbnail size-post-thumbnail wp-post-image\" alt=\"Beaut\u00e9 Magique\" style=\"object-fit:cover;\" srcset=\"https:\/\/www.hoteldenotredame.com\/wp-content\/uploads\/2024\/10\/magique-beaute-PETIT.jpg 344w, https:\/\/www.hoteldenotredame.com\/wp-content\/uploads\/2024\/10\/magique-beaute-PETIT-300x152.jpg 300w\" sizes=\"(max-width: 344px) 100vw, 344px\" title=\"\"><\/a><\/figure>\n\n<h2 class=\"has-text-align-center has-link-color wp-elements-ec4dad56195e23fcce3ffc0f4f79024b wp-block-post-title has-medium-font-size\"><a href=\"https:\/\/www.hoteldenotredame.com\/es\/bienestar-es\/sala-de-fitness\/\" target=\"_self\" >Beaut\u00e9 Magique<\/a><\/h2>\n<\/li><\/ul>\n\n<\/div>\n","protected":false},"excerpt":{"rendered":"<p>Cuide su bienestar en el ambiente de la Margen Izquierda. Del\u00e9itese en lujosos spas, estudios de yoga y centros de bienestar que le ofrecen un momento de relax lejos del bullicio de la ciudad. Descubra tratamientos, masajes rejuvenecedores y tranquilos espacios de meditaci\u00f3n que le permitir\u00e1n recuperar el equilibrio y encontrar la armon\u00eda interior en [&hellip;]<\/p>\n","protected":false},"author":1,"featured_media":15502,"parent":6656,"menu_order":4,"comment_status":"closed","ping_status":"closed","template":"wp-custom-template-le-template-des-pages-2023","meta":{"footnotes":""},"class_list":["post-6630","page","type-page","status-publish","has-post-thumbnail","hentry"],"_links":{"self":[{"href":"https:\/\/www.hoteldenotredame.com\/es\/wp-json\/wp\/v2\/pages\/6630","targetHints":{"allow":["GET"]}}],"collection":[{"href":"https:\/\/www.hoteldenotredame.com\/es\/wp-json\/wp\/v2\/pages"}],"about":[{"href":"https:\/\/www.hoteldenotredame.com\/es\/wp-json\/wp\/v2\/types\/page"}],"author":[{"embeddable":true,"href":"https:\/\/www.hoteldenotredame.com\/es\/wp-json\/wp\/v2\/users\/1"}],"replies":[{"embeddable":true,"href":"https:\/\/www.hoteldenotredame.com\/es\/wp-json\/wp\/v2\/comments?post=6630"}],"version-history":[{"count":2,"href":"https:\/\/www.hoteldenotredame.com\/es\/wp-json\/wp\/v2\/pages\/6630\/revisions"}],"predecessor-version":[{"id":20901,"href":"https:\/\/www.hoteldenotredame.com\/es\/wp-json\/wp\/v2\/pages\/6630\/revisions\/20901"}],"up":[{"embeddable":true,"href":"https:\/\/www.hoteldenotredame.com\/es\/wp-json\/wp\/v2\/pages\/6656"}],"wp:featuredmedia":[{"embeddable":true,"href":"https:\/\/www.hoteldenotredame.com\/es\/wp-json\/wp\/v2\/media\/15502"}],"wp:attachment":[{"href":"https:\/\/www.hoteldenotredame.com\/es\/wp-json\/wp\/v2\/media?parent=6630"}],"curies":[{"name":"wp","href":"https:\/\/api.w.org\/{rel}","templated":true}]}}