{"id":6626,"date":"2023-05-16T12:41:27","date_gmt":"2023-05-16T10:41:27","guid":{"rendered":"http:\/\/www.laperle.tess5418.odns.fr\/wellness\/"},"modified":"2024-10-17T21:55:08","modified_gmt":"2024-10-17T19:55:08","slug":"wellness","status":"publish","type":"page","link":"https:\/\/www.hoteldenotredame.com\/de\/paris-besuchen\/wellness\/","title":{"rendered":"Wellness"},"content":{"rendered":"\n<p class=\"has-text-align-justify\">K\u00fcmmern Sie sich um Ihr Wohlbefinden im Ambiente des linken Ufers. Lassen Sie sich in luxuri\u00f6sen Spas, Yogastudios und Wellnesszentren verw\u00f6hnen, die Ihnen eine entspannende Auszeit vom Trubel der Stadt bieten. Entdecken Sie Behandlungen, verj\u00fcngende Massagen und ruhige Meditationsr\u00e4ume, in denen Sie Ihr Gleichgewicht wiederherstellen und innere Harmonie in dieser lebhaften Stadt finden k\u00f6nnen.<\/p>\n\n<div class=\"wp-block-query is-layout-flow wp-block-query-is-layout-flow\"><ul class=\"columns-3 wp-block-post-template is-layout-grid wp-container-core-post-template-is-layout-6d3fbd8f wp-block-post-template-is-layout-grid\"><li class=\"wp-block-post post-8403 post type-post status-publish format-standard has-post-thumbnail hentry category-wellness\">\n<figure class=\"bordure-doree image-zoom wp-block-post-featured-image\"><a href=\"https:\/\/www.hoteldenotredame.com\/de\/wellness\/spa-bel-ami\/\" target=\"_self\"  ><img decoding=\"async\" width=\"344\" height=\"173\" src=\"https:\/\/www.hoteldenotredame.com\/wp-content\/uploads\/2024\/09\/amanpur-thai-spa-petit.jpg\" class=\"attachment-post-thumbnail size-post-thumbnail wp-post-image\" alt=\"Amanpur Thai Spa\" style=\"object-fit:cover;\" srcset=\"https:\/\/www.hoteldenotredame.com\/wp-content\/uploads\/2024\/09\/amanpur-thai-spa-petit.jpg 344w, https:\/\/www.hoteldenotredame.com\/wp-content\/uploads\/2024\/09\/amanpur-thai-spa-petit-300x151.jpg 300w\" sizes=\"(max-width: 344px) 100vw, 344px\" title=\"\"><\/a><\/figure>\n\n<h2 class=\"has-text-align-center has-link-color wp-elements-ec4dad56195e23fcce3ffc0f4f79024b wp-block-post-title has-medium-font-size\"><a href=\"https:\/\/www.hoteldenotredame.com\/de\/wellness\/spa-bel-ami\/\" target=\"_self\" >Amanpur Thai Spa<\/a><\/h2>\n<\/li><li class=\"wp-block-post post-8420 post type-post status-publish format-standard has-post-thumbnail hentry category-wellness\">\n<figure class=\"bordure-doree image-zoom wp-block-post-featured-image\"><a href=\"https:\/\/www.hoteldenotredame.com\/de\/wellness\/spa-28\/\" target=\"_self\"  ><img decoding=\"async\" width=\"344\" height=\"173\" src=\"https:\/\/www.hoteldenotredame.com\/wp-content\/uploads\/2024\/09\/la-main-d-or-du-tibet-petit.jpg\" class=\"attachment-post-thumbnail size-post-thumbnail wp-post-image\" alt=\"La Main d&#8217;Or du Tibet\" style=\"object-fit:cover;\" srcset=\"https:\/\/www.hoteldenotredame.com\/wp-content\/uploads\/2024\/09\/la-main-d-or-du-tibet-petit.jpg 344w, https:\/\/www.hoteldenotredame.com\/wp-content\/uploads\/2024\/09\/la-main-d-or-du-tibet-petit-300x151.jpg 300w\" sizes=\"(max-width: 344px) 100vw, 344px\" title=\"\"><\/a><\/figure>\n\n<h2 class=\"has-text-align-center has-link-color wp-elements-ec4dad56195e23fcce3ffc0f4f79024b wp-block-post-title has-medium-font-size\"><a href=\"https:\/\/www.hoteldenotredame.com\/de\/wellness\/spa-28\/\" target=\"_self\" >La Main d&#8217;Or du Tibet<\/a><\/h2>\n<\/li><li class=\"wp-block-post post-8434 post type-post status-publish format-standard has-post-thumbnail hentry category-wellness\">\n<figure class=\"bordure-doree image-zoom wp-block-post-featured-image\"><a href=\"https:\/\/www.hoteldenotredame.com\/de\/wellness\/ban-thai-spa\/\" target=\"_self\"  ><img decoding=\"async\" width=\"344\" height=\"173\" src=\"https:\/\/www.hoteldenotredame.com\/wp-content\/uploads\/2024\/09\/keepcool-paris-5-petit.jpg\" class=\"attachment-post-thumbnail size-post-thumbnail wp-post-image\" alt=\"Keepcool Paris 5\" style=\"object-fit:cover;\" srcset=\"https:\/\/www.hoteldenotredame.com\/wp-content\/uploads\/2024\/09\/keepcool-paris-5-petit.jpg 344w, https:\/\/www.hoteldenotredame.com\/wp-content\/uploads\/2024\/09\/keepcool-paris-5-petit-300x151.jpg 300w\" sizes=\"(max-width: 344px) 100vw, 344px\" title=\"\"><\/a><\/figure>\n\n<h2 class=\"has-text-align-center has-link-color wp-elements-ec4dad56195e23fcce3ffc0f4f79024b wp-block-post-title has-medium-font-size\"><a href=\"https:\/\/www.hoteldenotredame.com\/de\/wellness\/ban-thai-spa\/\" target=\"_self\" >Keepcool Paris 5<\/a><\/h2>\n<\/li><li class=\"wp-block-post post-8456 post type-post status-publish format-standard has-post-thumbnail hentry category-wellness\">\n<figure class=\"bordure-doree image-zoom wp-block-post-featured-image\"><a href=\"https:\/\/www.hoteldenotredame.com\/de\/wellness\/saint-germain-schwimmbad\/\" target=\"_self\"  ><img decoding=\"async\" width=\"344\" height=\"173\" src=\"https:\/\/www.hoteldenotredame.com\/wp-content\/uploads\/2024\/09\/espace-sportif-pontoise-petit.jpg\" class=\"attachment-post-thumbnail size-post-thumbnail wp-post-image\" alt=\"Sportplatz Pontoise\" style=\"object-fit:cover;\" srcset=\"https:\/\/www.hoteldenotredame.com\/wp-content\/uploads\/2024\/09\/espace-sportif-pontoise-petit.jpg 344w, https:\/\/www.hoteldenotredame.com\/wp-content\/uploads\/2024\/09\/espace-sportif-pontoise-petit-300x151.jpg 300w\" sizes=\"(max-width: 344px) 100vw, 344px\" title=\"\"><\/a><\/figure>\n\n<h2 class=\"has-text-align-center has-link-color wp-elements-ec4dad56195e23fcce3ffc0f4f79024b wp-block-post-title has-medium-font-size\"><a href=\"https:\/\/www.hoteldenotredame.com\/de\/wellness\/saint-germain-schwimmbad\/\" target=\"_self\" >Sportplatz Pontoise<\/a><\/h2>\n<\/li><li class=\"wp-block-post post-8486 post type-post status-publish format-standard has-post-thumbnail hentry category-wellness\">\n<figure class=\"bordure-doree image-zoom wp-block-post-featured-image\"><a href=\"https:\/\/www.hoteldenotredame.com\/de\/wellness\/luxemburger-garten\/\" target=\"_self\"  ><img decoding=\"async\" width=\"344\" height=\"173\" src=\"https:\/\/www.hoteldenotredame.com\/wp-content\/uploads\/2024\/09\/jardin-des-plantes-petit.jpg\" class=\"attachment-post-thumbnail size-post-thumbnail wp-post-image\" alt=\"Jardin des Plantes\" style=\"object-fit:cover;\" srcset=\"https:\/\/www.hoteldenotredame.com\/wp-content\/uploads\/2024\/09\/jardin-des-plantes-petit.jpg 344w, https:\/\/www.hoteldenotredame.com\/wp-content\/uploads\/2024\/09\/jardin-des-plantes-petit-300x151.jpg 300w\" sizes=\"(max-width: 344px) 100vw, 344px\" title=\"\"><\/a><\/figure>\n\n<h2 class=\"has-text-align-center has-link-color wp-elements-ec4dad56195e23fcce3ffc0f4f79024b wp-block-post-title has-medium-font-size\"><a href=\"https:\/\/www.hoteldenotredame.com\/de\/wellness\/luxemburger-garten\/\" target=\"_self\" >Jardin des Plantes<\/a><\/h2>\n<\/li><li class=\"wp-block-post post-8502 post type-post status-publish format-standard has-post-thumbnail hentry category-wellness\">\n<figure class=\"bordure-doree image-zoom wp-block-post-featured-image\"><a href=\"https:\/\/www.hoteldenotredame.com\/de\/wellness\/fitnessraum\/\" target=\"_self\"  ><img decoding=\"async\" width=\"344\" height=\"174\" src=\"https:\/\/www.hoteldenotredame.com\/wp-content\/uploads\/2024\/10\/magique-beaute-PETIT.jpg\" class=\"attachment-post-thumbnail size-post-thumbnail wp-post-image\" alt=\"Beaut\u00e9 Magique\" style=\"object-fit:cover;\" srcset=\"https:\/\/www.hoteldenotredame.com\/wp-content\/uploads\/2024\/10\/magique-beaute-PETIT.jpg 344w, https:\/\/www.hoteldenotredame.com\/wp-content\/uploads\/2024\/10\/magique-beaute-PETIT-300x152.jpg 300w\" sizes=\"(max-width: 344px) 100vw, 344px\" title=\"\"><\/a><\/figure>\n\n<h2 class=\"has-text-align-center has-link-color wp-elements-ec4dad56195e23fcce3ffc0f4f79024b wp-block-post-title has-medium-font-size\"><a href=\"https:\/\/www.hoteldenotredame.com\/de\/wellness\/fitnessraum\/\" target=\"_self\" >Beaut\u00e9 Magique<\/a><\/h2>\n<\/li><\/ul>\n\n<\/div>\n","protected":false},"excerpt":{"rendered":"<p>K\u00fcmmern Sie sich um Ihr Wohlbefinden im Ambiente des linken Ufers. Lassen Sie sich in luxuri\u00f6sen Spas, Yogastudios und Wellnesszentren verw\u00f6hnen, die Ihnen eine entspannende Auszeit vom Trubel der Stadt bieten. Entdecken Sie Behandlungen, verj\u00fcngende Massagen und ruhige Meditationsr\u00e4ume, in denen Sie Ihr Gleichgewicht wiederherstellen und innere Harmonie in dieser lebhaften Stadt finden k\u00f6nnen.<\/p>\n","protected":false},"author":1,"featured_media":15498,"parent":6652,"menu_order":4,"comment_status":"closed","ping_status":"closed","template":"wp-custom-template-le-template-des-pages-2023","meta":{"footnotes":""},"class_list":["post-6626","page","type-page","status-publish","has-post-thumbnail","hentry"],"_links":{"self":[{"href":"https:\/\/www.hoteldenotredame.com\/de\/wp-json\/wp\/v2\/pages\/6626","targetHints":{"allow":["GET"]}}],"collection":[{"href":"https:\/\/www.hoteldenotredame.com\/de\/wp-json\/wp\/v2\/pages"}],"about":[{"href":"https:\/\/www.hoteldenotredame.com\/de\/wp-json\/wp\/v2\/types\/page"}],"author":[{"embeddable":true,"href":"https:\/\/www.hoteldenotredame.com\/de\/wp-json\/wp\/v2\/users\/1"}],"replies":[{"embeddable":true,"href":"https:\/\/www.hoteldenotredame.com\/de\/wp-json\/wp\/v2\/comments?post=6626"}],"version-history":[{"count":2,"href":"https:\/\/www.hoteldenotredame.com\/de\/wp-json\/wp\/v2\/pages\/6626\/revisions"}],"predecessor-version":[{"id":20889,"href":"https:\/\/www.hoteldenotredame.com\/de\/wp-json\/wp\/v2\/pages\/6626\/revisions\/20889"}],"up":[{"embeddable":true,"href":"https:\/\/www.hoteldenotredame.com\/de\/wp-json\/wp\/v2\/pages\/6652"}],"wp:featuredmedia":[{"embeddable":true,"href":"https:\/\/www.hoteldenotredame.com\/de\/wp-json\/wp\/v2\/media\/15498"}],"wp:attachment":[{"href":"https:\/\/www.hoteldenotredame.com\/de\/wp-json\/wp\/v2\/media?parent=6626"}],"curies":[{"name":"wp","href":"https:\/\/api.w.org\/{rel}","templated":true}]}}